{"id":1053,"date":"2025-02-26T17:23:09","date_gmt":"2025-02-26T17:23:09","guid":{"rendered":"https:\/\/www.the-monkeys.it\/hotel\/?page_id=1053"},"modified":"2026-04-16T09:16:04","modified_gmt":"2026-04-16T09:16:04","slug":"allgemeine-geschaftsbedingungen","status":"publish","type":"page","link":"https:\/\/www.tekuhotel.com\/de\/condizioni-generali-di-contratto\/","title":{"rendered":"Allgemeine Buchungsbedingungen"},"content":{"rendered":"<div data-elementor-type=\"wp-page\" data-elementor-id=\"1053\" class=\"elementor elementor-1053\" data-elementor-settings=\"{&quot;ha_cmc_init_switcher&quot;:&quot;no&quot;}\">\n\t\t\t\t<div class=\"elementor-element elementor-element-8268bcf e-flex e-con-boxed e-con e-parent\" data-id=\"8268bcf\" data-element_type=\"container\" data-e-type=\"container\" data-settings=\"{&quot;_ha_eqh_enable&quot;:false}\">\n\t\t\t\t\t<div class=\"e-con-inner\">\n\t\t\t\t<div class=\"elementor-element elementor-element-1a09797 elementor-widget elementor-widget-heading\" data-id=\"1a09797\" data-element_type=\"widget\" data-e-type=\"widget\" data-widget_type=\"heading.default\">\n\t\t\t\t\t<h1 class=\"elementor-heading-title elementor-size-default\">Allgemeine Buchungsbedingungen<\/h1>\t\t\t\t<\/div>\n\t\t\t\t\t<\/div>\n\t\t\t\t<\/div>\n\t\t<div class=\"elementor-element elementor-element-65eeb88 e-flex e-con-boxed e-con e-parent\" data-id=\"65eeb88\" data-element_type=\"container\" data-e-type=\"container\" data-settings=\"{&quot;_ha_eqh_enable&quot;:false}\">\n\t\t\t\t\t<div class=\"e-con-inner\">\n\t\t\t\t<div class=\"elementor-element elementor-element-4b8952b elementor-widget elementor-widget-heading\" data-id=\"4b8952b\" data-element_type=\"widget\" data-e-type=\"widget\" data-widget_type=\"heading.default\">\n\t\t\t\t\t<h2 class=\"elementor-heading-title elementor-size-default\">Allgemeine Buchungsbedingungen<\/h2>\t\t\t\t<\/div>\n\t\t\t\t<div class=\"elementor-element elementor-element-132f95f elementor-widget elementor-widget-text-editor\" data-id=\"132f95f\" data-element_type=\"widget\" data-e-type=\"widget\" data-widget_type=\"text-editor.default\">\n\t\t\t\t\t\t\t\t\t<ol><li>Erkl\u00e4rungen<\/li><li>Unterkunftsvertrag<\/li><li>Einchecken \/ Auschecken<\/li><li>Vertragsstrafen bei Stornierung oder vorzeitiger Abreise<\/li><li>\u00c4nderung der Reservierung<\/li><li>Pflichten des Hoteliers<\/li><li>H\u00f6here Gewalt<\/li><li>Ort der Gerichtsbarkeit<\/li><li>Datenschutzbestimmungen<\/li><li>Akzeptanz der Allgemeinen Gesch\u00e4ftsbedingungen<\/li><\/ol>\t\t\t\t\t\t\t\t<\/div>\n\t\t\t\t\t<\/div>\n\t\t\t\t<\/div>\n\t\t<div class=\"elementor-element elementor-element-0489b7e e-flex e-con-boxed e-con e-parent\" data-id=\"0489b7e\" data-element_type=\"container\" data-e-type=\"container\" data-settings=\"{&quot;_ha_eqh_enable&quot;:false}\">\n\t\t\t\t\t<div class=\"e-con-inner\">\n\t\t\t\t<div class=\"elementor-element elementor-element-8b400fd elementor-widget elementor-widget-heading\" data-id=\"8b400fd\" data-element_type=\"widget\" data-e-type=\"widget\" data-widget_type=\"heading.default\">\n\t\t\t\t\t<h3 class=\"elementor-heading-title elementor-size-default\">1. Erkl\u00e4rungen<\/h3>\t\t\t\t<\/div>\n\t\t\t\t<div class=\"elementor-element elementor-element-ec403b6 elementor-widget elementor-widget-text-editor\" data-id=\"ec403b6\" data-element_type=\"widget\" data-e-type=\"widget\" data-widget_type=\"text-editor.default\">\n\t\t\t\t\t\t\t\t\t<p>Der Kunde erkl\u00e4rt, dass er das Datenerfassungsformular vollst\u00e4ndig und wahrheitsgem\u00e4\u00df ausgef\u00fcllt hat und \u00fcbernimmt die Haftung f\u00fcr falsche Angaben oder unvollst\u00e4ndige bzw. falsche Daten.<\/p><p>Der Hotelier tr\u00e4gt die volle Verantwortung f\u00fcr die G\u00fcltigkeit und st\u00e4ndige Aktualisierung der auf dieser Website enthaltenen Daten und Informationen, insbesondere in Bezug auf Preise und Dienstleistungen.<\/p>\t\t\t\t\t\t\t\t<\/div>\n\t\t\t\t\t<\/div>\n\t\t\t\t<\/div>\n\t\t<div class=\"elementor-element elementor-element-dfa998a e-flex e-con-boxed e-con e-parent\" data-id=\"dfa998a\" data-element_type=\"container\" data-e-type=\"container\" data-settings=\"{&quot;_ha_eqh_enable&quot;:false}\">\n\t\t\t\t\t<div class=\"e-con-inner\">\n\t\t\t\t<div class=\"elementor-element elementor-element-0ef4d59 elementor-widget elementor-widget-heading\" data-id=\"0ef4d59\" data-element_type=\"widget\" data-e-type=\"widget\" data-widget_type=\"heading.default\">\n\t\t\t\t\t<h3 class=\"elementor-heading-title elementor-size-default\">2. Beherbergungsvertrag<\/h3>\t\t\t\t<\/div>\n\t\t\t\t<div class=\"elementor-element elementor-element-0f1781b elementor-widget elementor-widget-text-editor\" data-id=\"0f1781b\" data-element_type=\"widget\" data-e-type=\"widget\" data-widget_type=\"text-editor.default\">\n\t\t\t\t\t\t\t\t\t<p>Mit der Reservierung kommt der Beherbergungsvertrag unmittelbar zwischen dem Buchenden und dem Hotel zustande. Alle Rechte und Pflichten aus dem Beherbergungsvertrag bestehen unmittelbar und ausschlie\u00dflich zwischen dem Buchenden und dem Hotel. Die von der reservierenden Person erhaltene E-Mail-Nachricht gilt als Best\u00e4tigung der Zimmerreservierung und muss bei der Ankunft im Hotel als Beleg vorgelegt werden, der f\u00fcr die Anerkennung ihrer Rechte g\u00fcltig ist.<\/p><p>Nach der Buchungsbest\u00e4tigung wird je nach Tarif entweder eine Anzahlung oder der Restbetrag verlangt.<\/p>\t\t\t\t\t\t\t\t<\/div>\n\t\t\t\t<div class=\"elementor-element elementor-element-ab6f670 elementor-widget elementor-widget-text-editor\" data-id=\"ab6f670\" data-element_type=\"widget\" data-e-type=\"widget\" data-widget_type=\"text-editor.default\">\n\t\t\t\t\t\t\t\t\t<p><strong>Standard-Satz<\/strong>:<\/p><p>Kaution von 30% f\u00fcr Aufenthalte von bis zu 3 N\u00e4chten<\/p><p>oder<\/p><p>Kaution von 50% f\u00fcr Aufenthalte \u00fcber 3 N\u00e4chte<\/p><p>Saldo bei Ankunft<\/p>\t\t\t\t\t\t\t\t<\/div>\n\t\t\t\t<div class=\"elementor-element elementor-element-37e1337 elementor-widget elementor-widget-text-editor\" data-id=\"37e1337\" data-element_type=\"widget\" data-e-type=\"widget\" data-widget_type=\"text-editor.default\">\n\t\t\t\t\t\t\t\t\t<p><strong>Tarifangebot Prepaid Nicht erstattungsf\u00e4hig<\/strong>:<\/p><p>Zahlung von 100% des Aufenthaltsbetrags bei der Buchung<\/p>\t\t\t\t\t\t\t\t<\/div>\n\t\t\t\t<div class=\"elementor-element elementor-element-16f0a8b elementor-widget elementor-widget-text-editor\" data-id=\"16f0a8b\" data-element_type=\"widget\" data-e-type=\"widget\" data-widget_type=\"text-editor.default\">\n\t\t\t\t\t\t\t\t\t<p>Die Anzahlung f\u00fcr den Standardtarif oder die Zahlung von 100% des Aufenthaltsbetrags f\u00fcr den nicht erstattungsf\u00e4higen Prepaid-Angebotstarif kann per Bank\u00fcberweisung unter Verwendung der folgenden Koordinaten geleistet werden:<\/p>\t\t\t\t\t\t\t\t<\/div>\n\t\t\t\t<div class=\"elementor-element elementor-element-a636633 elementor-widget elementor-widget-text-editor\" data-id=\"a636633\" data-element_type=\"widget\" data-e-type=\"widget\" data-widget_type=\"text-editor.default\">\n\t\t\t\t\t\t\t\t\t<p>Beg\u00fcnstigter: PICK S.R.L.<\/p><p>Iban: IT95Y0200804810000010522227 bei der Banco di Sardegna<\/p><p>Bitte geben Sie im Verwendungszweck den Nachnamen des Kunden und die Daten des Aufenthalts an.<\/p><p>Oder per Kreditkarte, die zum Zeitpunkt der Best\u00e4tigung mitgeteilt werden muss.<\/p>\t\t\t\t\t\t\t\t<\/div>\n\t\t\t\t<div class=\"elementor-element elementor-element-201b0ca elementor-widget elementor-widget-text-editor\" data-id=\"201b0ca\" data-element_type=\"widget\" data-e-type=\"widget\" data-widget_type=\"text-editor.default\">\n\t\t\t\t\t\t\t\t\t<p><strong>Steuernummer: IT091005A1000F2831<\/strong><\/p><p><strong>Strukturbezeichnung: TEKU HOTEL<\/strong><\/p><p><strong>GEMEINDE: BARI SARDO<\/strong><\/p><p><strong>REGION SARDINIEN<\/strong><\/p><p><strong>PROVINZ: NUORO<\/strong><\/p>\t\t\t\t\t\t\t\t<\/div>\n\t\t\t\t<div class=\"elementor-element elementor-element-2ac3275 elementor-widget elementor-widget-text-editor\" data-id=\"2ac3275\" data-element_type=\"widget\" data-e-type=\"widget\" data-widget_type=\"text-editor.default\">\n\t\t\t\t\t\t\t\t\t<p>Der f\u00fcr den nicht erstattungsf\u00e4higen Prepaid-Tarif gezahlte Betrag kann unter keinen Umst\u00e4nden zur\u00fcckerstattet werden, und der volle Betrag kann jederzeit nach der Buchung in Rechnung gestellt werden.<\/p>\t\t\t\t\t\t\t\t<\/div>\n\t\t\t\t<div class=\"elementor-element elementor-element-4d7b898 elementor-widget elementor-widget-text-editor\" data-id=\"4d7b898\" data-element_type=\"widget\" data-e-type=\"widget\" data-widget_type=\"text-editor.default\">\n\t\t\t\t\t\t\t\t\tAnzahlungen oder Restbetr\u00e4ge k\u00f6nnen nur per Bank\u00fcberweisung f\u00fcr Buchungen, die bis zu 10 Tage vor der Anreise erfolgen, geleistet werden.\n\nNach Ablauf dieser Frist kann die Zahlung nur noch per Kreditkarte erfolgen.\n\nEine Kopie der Anzahlung oder Restzahlung muss per E-Mail an die folgende Adresse geschickt werden: <a href=\"mailto:booking@tekuhotel.com\">booking@tekuhotel.com<\/a>\u00a0sp\u00e4testens 3 Tage nach Best\u00e4tigung der Reservierung. Wenn die Anzahlung oder der Restbetrag nicht innerhalb dieser Frist eingehen, wird die Reservierung als null und nichtig betrachtet und das Zimmer wird wieder zum Verkauf angeboten.\t\t\t\t\t\t\t\t<\/div>\n\t\t\t\t<div class=\"elementor-element elementor-element-b319504 elementor-widget elementor-widget-text-editor\" data-id=\"b319504\" data-element_type=\"widget\" data-e-type=\"widget\" data-widget_type=\"text-editor.default\">\n\t\t\t\t\t\t\t\t\t<p>Wenn eine Kreditkarte als Garantie erforderlich ist, beh\u00e4lt sich das Teku Hotel das Recht vor, die G\u00fcltigkeit der Kreditkarte vor der Ankunft des Gastes zu \u00fcberpr\u00fcfen, indem es eine Vorautorisierung bei der Kreditkartengesellschaft beantragt. Mit der Vorautorisierung garantiert das Hotel die vor\u00fcbergehende Verf\u00fcgbarkeit des Gesamtbetrags des Aufenthalts oder eines Teils davon, um sicherzustellen, dass die Kreditkarte g\u00fcltig ist.<\/p><p>KEIN BETRAG EINGEL\u00d6ST WIRD. Die Vorautorisierung l\u00e4uft automatisch 20 Tage nach dem angeforderten Datum aus und der Betrag wird freigegeben. Im Falle einer negativen Vorautorisierung wird der Kunde benachrichtigt und die Reservierung wird storniert. In diesem Fall hat das Hotel keine Verpflichtung gegen\u00fcber dem Kunden.<\/p><p>Die Kaution wird, wie in Artikel 1385 des B\u00fcrgerlichen Gesetzbuches festgelegt, im Falle einer Stornierung oder eines Nichterscheinens nicht zur\u00fcckerstattet.<\/p><p>Der Restbetrag der Reservierung muss bei der Ankunft beim Check-in in bar, per Kredit-\/Debitkarte oder Bankscheck an folgende Adresse bezahlt werden:\u00a0<strong>Pick Srl<\/strong>.<\/p><p>Schecks werden unter keinen Umst\u00e4nden angenommen.<\/p><p>Die Anzahlung und\/oder der Restbetrag werden gezahlt, nachdem Sie alle Klauseln dieses Vertrages gelesen, verstanden und akzeptiert haben, insbesondere die unten aufgef\u00fchrten Stornierungsbedingungen.<\/p>\t\t\t\t\t\t\t\t<\/div>\n\t\t\t\t\t<\/div>\n\t\t\t\t<\/div>\n\t\t<div class=\"elementor-element elementor-element-1ce6315 e-flex e-con-boxed e-con e-parent\" data-id=\"1ce6315\" data-element_type=\"container\" data-e-type=\"container\" data-settings=\"{&quot;_ha_eqh_enable&quot;:false}\">\n\t\t\t\t\t<div class=\"e-con-inner\">\n\t\t\t\t<div class=\"elementor-element elementor-element-c34f5ac elementor-widget elementor-widget-heading\" data-id=\"c34f5ac\" data-element_type=\"widget\" data-e-type=\"widget\" data-widget_type=\"heading.default\">\n\t\t\t\t\t<h3 class=\"elementor-heading-title elementor-size-default\">3. Einchecken - Auschecken<\/h3>\t\t\t\t<\/div>\n\t\t\t\t<div class=\"elementor-element elementor-element-850da2b elementor-widget elementor-widget-text-editor\" data-id=\"850da2b\" data-element_type=\"widget\" data-e-type=\"widget\" data-widget_type=\"text-editor.default\">\n\t\t\t\t\t\t\t\t\t<p>Wenn nicht anders vereinbart, steht das Zimmer dem Kunden ab 15 Uhr zur Verf\u00fcgung. Wenn m\u00f6glich und verf\u00fcgbar, kann das Zimmer auch gerne fr\u00fcher \u00fcbergeben werden. Der Kunde kann jedoch zu dem von ihm gew\u00fcnschten Zeitpunkt im Hotel eintreffen und in der Zeit, in der er auf die \u00dcbergabe des Zimmers wartet, sofort alle Einrichtungen des Hotels wie den Parkplatz, den Fernsehraum und den Innengarten nutzen.<\/p><p>Der Kunde muss sp\u00e4testens um 20.00 Uhr an dem in der Buchung als Ankunftszeit angegebenen Datum im Hotel eintreffen. Eine sp\u00e4tere Ankunft als die vorgenannte Uhrzeit ist dem Hotelier unverz\u00fcglich mitzuteilen, der bei Nichteinhaltung \u00fcber das bereits gebuchte Zimmer verf\u00fcgen kann.<\/p><p>Am Abreisetag muss das Zimmer bis 10 Uhr ger\u00e4umt sein. Diese Zeit ist auch in der Hotelordnung angegeben.<\/p><p>Alle Extras m\u00fcssen vor der Abreise bezahlt werden.<\/p>\t\t\t\t\t\t\t\t<\/div>\n\t\t\t\t\t<\/div>\n\t\t\t\t<\/div>\n\t\t<div class=\"elementor-element elementor-element-d9dac89 e-flex e-con-boxed e-con e-parent\" data-id=\"d9dac89\" data-element_type=\"container\" data-e-type=\"container\" data-settings=\"{&quot;_ha_eqh_enable&quot;:false}\">\n\t\t\t\t\t<div class=\"e-con-inner\">\n\t\t\t\t<div class=\"elementor-element elementor-element-d6338f2 elementor-widget elementor-widget-heading\" data-id=\"d6338f2\" data-element_type=\"widget\" data-e-type=\"widget\" data-widget_type=\"heading.default\">\n\t\t\t\t\t<h3 class=\"elementor-heading-title elementor-size-default\">4. Vertragsstrafen bei Annullierung oder vorzeitiger Abreise<\/h3>\t\t\t\t<\/div>\n\t\t\t\t<div class=\"elementor-element elementor-element-a6aa155 elementor-widget elementor-widget-text-editor\" data-id=\"a6aa155\" data-element_type=\"widget\" data-e-type=\"widget\" data-widget_type=\"text-editor.default\">\n\t\t\t\t\t\t\t\t\t<p>Jede Stornierung einer Reservierung muss schriftlich mitgeteilt werden.<\/p><p>Der Hotelier ist berechtigt, den als Anzahlung geleisteten Betrag als Entsch\u00e4digung im Falle einer Stornierung der Reservierung durch den Kunden einzubehalten.<\/p><p>F\u00fcr den Fall, dass Tarife angewendet werden, bei denen eine Anzahlung nicht erforderlich ist, aber eine Kreditkarte als Garantie f\u00fcr die Reservierung verlangt wird, werden die folgenden Strafen f\u00e4llig:<\/p>\t\t\t\t\t\t\t\t<\/div>\n\t\t\t\t<div class=\"elementor-element elementor-element-513dec1 elementor-widget elementor-widget-text-editor\" data-id=\"513dec1\" data-element_type=\"widget\" data-e-type=\"widget\" data-widget_type=\"text-editor.default\">\n\t\t\t\t\t\t\t\t\t<ul><li>Stornierungen, die bis zu 7 Tage vor dem geplanten Ankunftsdatum erfolgen, werden nicht in Rechnung gestellt;<\/li><li>Stornierungen, die ab dem 6. Tag bis zum Anreisetag erfolgen, werden der als Garantie angegebenen Karte belastet:<\/li><li>bei einem Aufenthalt von bis zu 3 N\u00e4chten die Kosten f\u00fcr die erste Nacht pro gebuchtes Zimmer;<\/li><li>f\u00fcr Aufenthalte von mehr als 3 N\u00e4chten die 50% der Gesamtkosten des Aufenthalts;<\/li><li>Bei Nichterscheinen werden die Kosten f\u00fcr den gesamten Aufenthalt in Rechnung gestellt.<\/li><li><strong>Standardtarif (Flexible 3 Tage)<\/strong> Der Kunde kann bis zu 3 Tage vor der Ankunft kostenlos stornieren. Bei einer Stornierung innerhalb von 3 Tagen vor der Ankunft werden 50% des gesamten Aufenthalts berechnet.<\/li><li><p><strong>Tarifangebot Prepaid Nicht erstattungsf\u00e4hig. <\/strong>Im Falle einer Stornierung, einer \u00c4nderung oder eines Nichterscheinens wird in keinem Fall der volle Betrag zur\u00fcckerstattet. Bei vorzeitiger Abreise ist der Hotelier berechtigt, die Zahlung f\u00fcr den gesamten gebuchten Zeitraum mit Abrechnung der N\u00e4chte bis zum Ende der Buchung zu verlangen.<\/p><\/li><\/ul>\t\t\t\t\t\t\t\t<\/div>\n\t\t\t\t\t<\/div>\n\t\t\t\t<\/div>\n\t\t<div class=\"elementor-element elementor-element-190c01d e-flex e-con-boxed e-con e-parent\" data-id=\"190c01d\" data-element_type=\"container\" data-e-type=\"container\" data-settings=\"{&quot;_ha_eqh_enable&quot;:false}\">\n\t\t\t\t\t<div class=\"e-con-inner\">\n\t\t\t\t<div class=\"elementor-element elementor-element-65c6ef1 elementor-widget elementor-widget-heading\" data-id=\"65c6ef1\" data-element_type=\"widget\" data-e-type=\"widget\" data-widget_type=\"heading.default\">\n\t\t\t\t\t<h3 class=\"elementor-heading-title elementor-size-default\">5. \u00c4nderung der Reservierung<\/h3>\t\t\t\t<\/div>\n\t\t\t\t<div class=\"elementor-element elementor-element-a00f59b elementor-widget elementor-widget-text-editor\" data-id=\"a00f59b\" data-element_type=\"widget\" data-e-type=\"widget\" data-widget_type=\"text-editor.default\">\n\t\t\t\t\t\t\t\t\t<p>Um die Daten oder andere Einzelheiten der Reservierung zu \u00e4ndern, muss sich der Kunde rechtzeitig mit dem Beherberger in Verbindung setzen, damit er nicht die in Artikel 4 genannten Strafen zahlen muss.<\/p>\t\t\t\t\t\t\t\t<\/div>\n\t\t\t\t<div class=\"elementor-element elementor-element-525d792 elementor-widget elementor-widget-text-editor\" data-id=\"525d792\" data-element_type=\"widget\" data-e-type=\"widget\" data-widget_type=\"text-editor.default\">\n\t\t\t\t\t\t\t\t\t<p>An den Kunden, der den Rabatt im Rahmen der Aktion in Anspruch genommen hat\u00a0<strong>Sonderrabatt in der Nebensaison\",\u00a0<\/strong>g\u00fcltig vom 01.04. bis 30.04. und vom 01.09. bis 30.10. im Falle einer Buchungs\u00e4nderung unter Ber\u00fccksichtigung der entsprechenden Bedingungen und Ausschl\u00fcsse:<\/p><ul><li>innerhalb der G\u00fcltigkeitsdauer, wird derselbe prozentuale Rabatt beibehalten;<\/li><li>aktualisiert, wird der Rabatt f\u00fcr die neue Aktion angewendet;<\/li><li>Nach Ablauf der Aktion gilt der Normaltarif und Sie verlieren alle mit dem Angebot verbundenen Tarifvorteile.<\/li><\/ul>\t\t\t\t\t\t\t\t<\/div>\n\t\t\t\t<div class=\"elementor-element elementor-element-ecc1b05 elementor-widget elementor-widget-text-editor\" data-id=\"ecc1b05\" data-element_type=\"widget\" data-e-type=\"widget\" data-widget_type=\"text-editor.default\">\n\t\t\t\t\t\t\t\t\t<p>Eine ma\u00dfgeschneiderte L\u00f6sung wird jedoch von Fall zu Fall direkt mit dem Kunden und mit gr\u00f6\u00dftm\u00f6glicher Bereitschaft bewertet, um eine Vereinbarung zu finden, die zur beiderseitigen Zufriedenheit f\u00fchrt.<\/p>\t\t\t\t\t\t\t\t<\/div>\n\t\t\t\t\t<\/div>\n\t\t\t\t<\/div>\n\t\t<div class=\"elementor-element elementor-element-6cea5a1 e-flex e-con-boxed e-con e-parent\" data-id=\"6cea5a1\" data-element_type=\"container\" data-e-type=\"container\" data-settings=\"{&quot;_ha_eqh_enable&quot;:false}\">\n\t\t\t\t\t<div class=\"e-con-inner\">\n\t\t\t\t<div class=\"elementor-element elementor-element-f590fb2 elementor-widget elementor-widget-heading\" data-id=\"f590fb2\" data-element_type=\"widget\" data-e-type=\"widget\" data-widget_type=\"heading.default\">\n\t\t\t\t\t<h3 class=\"elementor-heading-title elementor-size-default\">6. Pflichten des Hoteliers\n\n<\/h3>\t\t\t\t<\/div>\n\t\t\t\t<div class=\"elementor-element elementor-element-17c4991 elementor-widget elementor-widget-text-editor\" data-id=\"17c4991\" data-element_type=\"widget\" data-e-type=\"widget\" data-widget_type=\"text-editor.default\">\n\t\t\t\t\t\t\t\t\t<p>Steht das vom Kunden gebuchte Zimmer aus einem vom Hotelier zu vertretenden Grund nicht mehr zur Verf\u00fcgung, so hat der Hotelier eine gleichwertige oder bessere Unterkunft zur Verf\u00fcgung zu stellen.<\/p>\t\t\t\t\t\t\t\t<\/div>\n\t\t\t\t\t<\/div>\n\t\t\t\t<\/div>\n\t\t<div class=\"elementor-element elementor-element-30ec89d e-flex e-con-boxed e-con e-parent\" data-id=\"30ec89d\" data-element_type=\"container\" data-e-type=\"container\" data-settings=\"{&quot;_ha_eqh_enable&quot;:false}\">\n\t\t\t\t\t<div class=\"e-con-inner\">\n\t\t\t\t<div class=\"elementor-element elementor-element-c5fa19d elementor-widget elementor-widget-heading\" data-id=\"c5fa19d\" data-element_type=\"widget\" data-e-type=\"widget\" data-widget_type=\"heading.default\">\n\t\t\t\t\t<h3 class=\"elementor-heading-title elementor-size-default\">7. H\u00f6here Gewalt\n<\/h3>\t\t\t\t<\/div>\n\t\t\t\t<div class=\"elementor-element elementor-element-7ef7f71 elementor-widget elementor-widget-text-editor\" data-id=\"7ef7f71\" data-element_type=\"widget\" data-e-type=\"widget\" data-widget_type=\"text-editor.default\">\n\t\t\t\t\t\t\t\t\t<p>Die Direktion \u00fcbernimmt keine Haftung f\u00fcr St\u00f6rungen aufgrund von Versorgungsm\u00e4ngeln, zuf\u00e4lligen Ausf\u00e4llen von Ger\u00e4ten oder anderer h\u00f6herer Gewalt. Es wird keine Haftung f\u00fcr Sch\u00e4den \u00fcbernommen, die durch andere G\u00e4ste, Witterungseinfl\u00fcsse, Naturkatastrophen, Epidemien, Krankheiten und Diebstahl verursacht werden.<\/p>\t\t\t\t\t\t\t\t<\/div>\n\t\t\t\t\t<\/div>\n\t\t\t\t<\/div>\n\t\t<div class=\"elementor-element elementor-element-d0c3d43 e-flex e-con-boxed e-con e-parent\" data-id=\"d0c3d43\" data-element_type=\"container\" data-e-type=\"container\" data-settings=\"{&quot;_ha_eqh_enable&quot;:false}\">\n\t\t\t\t\t<div class=\"e-con-inner\">\n\t\t\t\t<div class=\"elementor-element elementor-element-8ae893d elementor-widget elementor-widget-heading\" data-id=\"8ae893d\" data-element_type=\"widget\" data-e-type=\"widget\" data-widget_type=\"heading.default\">\n\t\t\t\t\t<h3 class=\"elementor-heading-title elementor-size-default\">8. Zust\u00e4ndigkeit\n\n<\/h3>\t\t\t\t<\/div>\n\t\t\t\t<div class=\"elementor-element elementor-element-08937ca elementor-widget elementor-widget-text-editor\" data-id=\"08937ca\" data-element_type=\"widget\" data-e-type=\"widget\" data-widget_type=\"text-editor.default\">\n\t\t\t\t\t\t\t\t\t<p>F\u00fcr alle Streitigkeiten im Zusammenhang mit diesem Vertrag ist das Gericht von Cagliari zust\u00e4ndig.<\/p>\t\t\t\t\t\t\t\t<\/div>\n\t\t\t\t\t<\/div>\n\t\t\t\t<\/div>\n\t\t<div class=\"elementor-element elementor-element-8f23c1b e-flex e-con-boxed e-con e-parent\" data-id=\"8f23c1b\" data-element_type=\"container\" data-e-type=\"container\" data-settings=\"{&quot;_ha_eqh_enable&quot;:false}\">\n\t\t\t\t\t<div class=\"e-con-inner\">\n\t\t\t\t<div class=\"elementor-element elementor-element-8e0a66b elementor-widget elementor-widget-heading\" data-id=\"8e0a66b\" data-element_type=\"widget\" data-e-type=\"widget\" data-widget_type=\"heading.default\">\n\t\t\t\t\t<h3 class=\"elementor-heading-title elementor-size-default\">9. Datenschutzpolitik\n<\/h3>\t\t\t\t<\/div>\n\t\t\t\t<div class=\"elementor-element elementor-element-033b5c0 elementor-widget elementor-widget-text-editor\" data-id=\"033b5c0\" data-element_type=\"widget\" data-e-type=\"widget\" data-widget_type=\"text-editor.default\">\n\t\t\t\t\t\t\t\t\t<p>Obligatorische Informationen gem\u00e4\u00df dem italienischen Gesetz 675\/96, Artikel 10, zum Datenschutz.<\/p><p>Der Kunde erkl\u00e4rt sich ausdr\u00fccklich mit der elektronischen Verarbeitung der angegebenen personenbezogenen Daten einverstanden, die ausschlie\u00dflich dem Zweck der Verwaltung der zwischen den Parteien bestehenden Vertragsbeziehung dient. Der Kunde ist sich bewusst, dass die Zustimmung zur Erfassung dieser Daten zwar fakultativ, aber eine notwendige Bedingung f\u00fcr den Abschluss der Buchung ist, ohne die es nicht m\u00f6glich ist, auf die n\u00e4chste Phase des Buchungsprozesses zuzugreifen.<\/p><p>Der Kunde kann jederzeit auf seine pers\u00f6nlichen Daten zugreifen und sie \u00e4ndern, indem er eine schriftliche Anfrage an das Hotel stellt.<\/p>\t\t\t\t\t\t\t\t<\/div>\n\t\t\t\t\t<\/div>\n\t\t\t\t<\/div>\n\t\t<div class=\"elementor-element elementor-element-c998fe1 e-flex e-con-boxed e-con e-parent\" data-id=\"c998fe1\" data-element_type=\"container\" data-e-type=\"container\" data-settings=\"{&quot;_ha_eqh_enable&quot;:false}\">\n\t\t\t\t\t<div class=\"e-con-inner\">\n\t\t\t\t<div class=\"elementor-element elementor-element-9910272 elementor-widget elementor-widget-heading\" data-id=\"9910272\" data-element_type=\"widget\" data-e-type=\"widget\" data-widget_type=\"heading.default\">\n\t\t\t\t\t<h3 class=\"elementor-heading-title elementor-size-default\">10. Akzeptanz der Allgemeinen Gesch\u00e4ftsbedingungen\n\n<\/h3>\t\t\t\t<\/div>\n\t\t\t\t<div class=\"elementor-element elementor-element-7fcdbe5 elementor-widget elementor-widget-text-editor\" data-id=\"7fcdbe5\" data-element_type=\"widget\" data-e-type=\"widget\" data-widget_type=\"text-editor.default\">\n\t\t\t\t\t\t\t\t\t<div class=\"nd_options_container nd_options_padding_0_15 nd_options_box_sizing_border_box nd_options_clearfix\"><div id=\"post-1386\" class=\"post-1386 page type-page status-publish hentry\"><div class=\"wpb-content-wrapper\"><div class=\"vc_row wpb_row vc_row-fluid\"><div class=\"wpb_column vc_column_container vc_col-sm-12\"><div class=\"vc_column-inner\"><div class=\"wpb_wrapper\"><div class=\"wpb_text_column wpb_content_element\"><div class=\"wpb_wrapper\"><div class=\"vc_ col-sm-8\"><div class=\"vc_column-inner\"><div class=\"wpb_wrapper\"><div class=\"wpb_text_column wpb_content_element\"><div class=\"wpb_wrapper\"><p>Mit dem Abschluss der Online-Reservierung erkl\u00e4rt sich der Kunde mit den allgemeinen vertraglichen Reservierungsbedingungen einverstanden, die in diesem Vertrag festgelegt und geregelt sind, insbesondere in den Artikeln 1, 2, 4, 6, 7, 8 und 9.<\/p><\/div><\/div><\/div><\/div><\/div><\/div><\/div><\/div><\/div><\/div><\/div><\/div><\/div><\/div>\t\t\t\t\t\t\t\t<\/div>\n\t\t\t\t\t<\/div>\n\t\t\t\t<\/div>\n\t\t<div class=\"elementor-element elementor-element-f98f34f e-flex e-con-boxed e-con e-parent\" data-id=\"f98f34f\" data-element_type=\"container\" data-e-type=\"container\" data-settings=\"{&quot;_ha_eqh_enable&quot;:false}\">\n\t\t\t\t\t<div class=\"e-con-inner\">\n\t\t\t\t<div class=\"elementor-element elementor-element-aa97e95 elementor-widget elementor-widget-spacer\" data-id=\"aa97e95\" data-element_type=\"widget\" data-e-type=\"widget\" data-widget_type=\"spacer.default\">\n\t\t\t\t\t\t\t<div class=\"elementor-spacer\">\n\t\t\t<div class=\"elementor-spacer-inner\"><\/div>\n\t\t<\/div>\n\t\t\t\t\t\t<\/div>\n\t\t\t\t\t<\/div>\n\t\t\t\t<\/div>\n\t\t\t\t<\/div>","protected":false},"excerpt":{"rendered":"<p>Condizioni Generali di Prenotazione Condizioni generali di prenotazione Dichiarazioni Contratto di alloggio Check-in \/ Check-out Penalit\u00e0 in caso di annullamento o partenza anticipata Modifica della prenotazione Obblighi dell\u2019albergatore Cause di forza maggiore Foro competente Informativa sulla privacy Accettazione delle condizioni contrattuali generali di prenotazione 1. Dichiarazioni Il Cliente dichiara di aver compilato il modulo di [&hellip;]<\/p>\n","protected":false},"author":1,"featured_media":0,"parent":0,"menu_order":0,"comment_status":"closed","ping_status":"closed","template":"","meta":{"footnotes":""},"class_list":["post-1053","page","type-page","status-publish","hentry"],"_links":{"self":[{"href":"https:\/\/www.tekuhotel.com\/de\/wp-json\/wp\/v2\/pages\/1053","targetHints":{"allow":["GET"]}}],"collection":[{"href":"https:\/\/www.tekuhotel.com\/de\/wp-json\/wp\/v2\/pages"}],"about":[{"href":"https:\/\/www.tekuhotel.com\/de\/wp-json\/wp\/v2\/types\/page"}],"author":[{"embeddable":true,"href":"https:\/\/www.tekuhotel.com\/de\/wp-json\/wp\/v2\/users\/1"}],"replies":[{"embeddable":true,"href":"https:\/\/www.tekuhotel.com\/de\/wp-json\/wp\/v2\/comments?post=1053"}],"version-history":[{"count":12,"href":"https:\/\/www.tekuhotel.com\/de\/wp-json\/wp\/v2\/pages\/1053\/revisions"}],"predecessor-version":[{"id":2967,"href":"https:\/\/www.tekuhotel.com\/de\/wp-json\/wp\/v2\/pages\/1053\/revisions\/2967"}],"wp:attachment":[{"href":"https:\/\/www.tekuhotel.com\/de\/wp-json\/wp\/v2\/media?parent=1053"}],"curies":[{"name":"wp","href":"https:\/\/api.w.org\/{rel}","templated":true}]}}