{"id":1204,"date":"2025-02-27T11:20:52","date_gmt":"2025-02-27T11:20:52","guid":{"rendered":"https:\/\/www.the-monkeys.it\/hotel\/?page_id=1204"},"modified":"2025-03-31T09:57:19","modified_gmt":"2025-03-31T09:57:19","slug":"offres","status":"publish","type":"page","link":"https:\/\/www.tekuhotel.com\/fr\/offerte\/","title":{"rendered":"Offres"},"content":{"rendered":"<div data-elementor-type=\"wp-page\" data-elementor-id=\"1204\" class=\"elementor elementor-1204\" data-elementor-settings=\"{&quot;ha_cmc_init_switcher&quot;:&quot;no&quot;}\">\n\t\t\t\t<div class=\"elementor-element elementor-element-420c8ae animated-slow e-flex e-con-boxed elementor-invisible e-con e-parent\" data-id=\"420c8ae\" data-element_type=\"container\" data-e-type=\"container\" data-settings=\"{&quot;animation&quot;:&quot;fadeIn&quot;,&quot;animation_delay&quot;:10,&quot;_ha_eqh_enable&quot;:false}\">\n\t\t\t\t\t<div class=\"e-con-inner\">\n\t\t\t\t<div class=\"elementor-element elementor-element-e9bf8b9 elementor-widget elementor-widget-image\" data-id=\"e9bf8b9\" data-element_type=\"widget\" data-e-type=\"widget\" data-widget_type=\"image.default\">\n\t\t\t\t\t\t\t\t\t\t\t\t\t\t\t<img decoding=\"async\" src=\"https:\/\/www.tekuhotel.com\/wp-content\/uploads\/teku_hotel_icon.svg\" class=\"attachment-full size-full wp-image-1224\" alt=\"\" \/>\t\t\t\t\t\t\t\t\t\t\t\t\t\t\t<\/div>\n\t\t\t\t<div class=\"elementor-element elementor-element-e173549 elementor-widget elementor-widget-heading\" data-id=\"e173549\" data-element_type=\"widget\" data-e-type=\"widget\" data-widget_type=\"heading.default\">\n\t\t\t\t\t<h1 class=\"elementor-heading-title elementor-size-default\">Offres sp\u00e9ciales<\/h1>\t\t\t\t<\/div>\n\t\t\t\t<div class=\"elementor-element elementor-element-c010339 elementor-widget elementor-widget-heading\" data-id=\"c010339\" data-element_type=\"widget\" data-e-type=\"widget\" data-widget_type=\"heading.default\">\n\t\t\t\t\t<h2 class=\"elementor-heading-title elementor-size-default\">au Teku Boutique Hotel<\/h2>\t\t\t\t<\/div>\n\t\t\t\t<div class=\"elementor-element elementor-element-083db85 elementor-widget__width-initial elementor-widget elementor-widget-text-editor\" data-id=\"083db85\" data-element_type=\"widget\" data-e-type=\"widget\" data-widget_type=\"text-editor.default\">\n\t\t\t\t\t\t\t\t\t<p>Les meilleurs tarifs pour votre s\u00e9jour \u00e0 Bari Sardo !<\/p>\t\t\t\t\t\t\t\t<\/div>\n\t\t\t\t<div class=\"elementor-element elementor-element-d35d8a3 elementor-widget__width-initial elementor-widget elementor-widget-text-editor\" data-id=\"d35d8a3\" data-element_type=\"widget\" data-e-type=\"widget\" data-widget_type=\"text-editor.default\">\n\t\t\t\t\t\t\t\t\t<p>Nous nous engageons \u00e0 offrir un service de haute qualit\u00e9, en pr\u00eatant attention aux moindres d\u00e9tails, afin d'assurer le plus grand confort et la plus grande satisfaction de nos clients. Que vous voyagiez pour les affaires ou pour le plaisir, notre personnel sera \u00e0 votre disposition \u00e0 tout moment, avec professionnalisme et courtoisie.<\/p>\t\t\t\t\t\t\t\t<\/div>\n\t\t\t\t\t<\/div>\n\t\t\t\t<\/div>\n\t\t<div class=\"elementor-element elementor-element-fedc5ea e-flex e-con-boxed e-con e-parent\" data-id=\"fedc5ea\" data-element_type=\"container\" data-e-type=\"container\" data-settings=\"{&quot;_ha_eqh_enable&quot;:false}\">\n\t\t\t\t\t<div class=\"e-con-inner\">\n\t\t<div class=\"elementor-element elementor-element-77e1837 e-con-full e-flex e-con e-child\" data-id=\"77e1837\" data-element_type=\"container\" data-e-type=\"container\" data-settings=\"{&quot;_ha_eqh_enable&quot;:false}\">\n\t\t\t\t<div class=\"elementor-element elementor-element-f9d43fe animated-slow elementor-invisible elementor-widget elementor-widget-image\" data-id=\"f9d43fe\" data-element_type=\"widget\" data-e-type=\"widget\" data-settings=\"{&quot;_animation&quot;:&quot;fadeInLeft&quot;}\" data-widget_type=\"image.default\">\n\t\t\t\t\t\t\t\t\t\t\t\t\t\t\t<img fetchpriority=\"high\" decoding=\"async\" width=\"712\" height=\"1067\" src=\"https:\/\/www.tekuhotel.com\/wp-content\/uploads\/Teku-Hotel-Bari-Sardo-Boutique-Hotel-in-Sardegna-Panoramica.jpg\" class=\"attachment-full size-full wp-image-769\" alt=\"\" srcset=\"https:\/\/www.tekuhotel.com\/wp-content\/uploads\/Teku-Hotel-Bari-Sardo-Boutique-Hotel-in-Sardegna-Panoramica.jpg 712w, https:\/\/www.tekuhotel.com\/wp-content\/uploads\/Teku-Hotel-Bari-Sardo-Boutique-Hotel-in-Sardegna-Panoramica-200x300.jpg 200w, https:\/\/www.tekuhotel.com\/wp-content\/uploads\/Teku-Hotel-Bari-Sardo-Boutique-Hotel-in-Sardegna-Panoramica-683x1024.jpg 683w\" sizes=\"(max-width: 712px) 100vw, 712px\" \/>\t\t\t\t\t\t\t\t\t\t\t\t\t\t\t<\/div>\n\t\t\t\t<\/div>\n\t\t<div class=\"elementor-element elementor-element-7b5c2be e-con-full e-flex e-con e-child\" data-id=\"7b5c2be\" data-element_type=\"container\" data-e-type=\"container\" data-settings=\"{&quot;_ha_eqh_enable&quot;:false}\">\n\t\t<div class=\"elementor-element elementor-element-745702f e-con-full e-flex e-con e-child\" data-id=\"745702f\" data-element_type=\"container\" data-e-type=\"container\" data-settings=\"{&quot;background_background&quot;:&quot;classic&quot;,&quot;_ha_eqh_enable&quot;:false}\">\n\t\t\t\t<div class=\"elementor-element elementor-element-4b34c7a elementor-widget elementor-widget-heading\" data-id=\"4b34c7a\" data-element_type=\"widget\" data-e-type=\"widget\" data-widget_type=\"heading.default\">\n\t\t\t\t\t<h3 class=\"elementor-heading-title elementor-size-default\">R\u00e9servation \u00e0 l'avance<\/h3>\t\t\t\t<\/div>\n\t\t\t\t<div class=\"elementor-element elementor-element-246821f elementor-widget elementor-widget-elementskit-heading\" data-id=\"246821f\" data-element_type=\"widget\" data-e-type=\"widget\" data-widget_type=\"elementskit-heading.default\">\n\t\t\t\t\t<div class=\"ekit-wid-con\" ><div class=\"ekit-heading elementskit-section-title-wraper text_left   ekit_heading_tablet-   ekit_heading_mobile-\"><span class=\"ekit-heading--title elementskit-section-title\">R\u00e9servez t\u00f4t pour obtenir le  <span><span>R\u00e9duction 10%<\/span><\/span><\/span><\/div><\/div>\t\t\t\t<\/div>\n\t\t\t\t<div class=\"elementor-element elementor-element-297095c elementor-widget elementor-widget-text-editor\" data-id=\"297095c\" data-element_type=\"widget\" data-e-type=\"widget\" data-widget_type=\"text-editor.default\">\n\t\t\t\t\t\t\t\t\t- Taux non remboursable pr\u00e9pay\u00e9 -\t\t\t\t\t\t\t\t<\/div>\n\t\t\t\t<div class=\"elementor-element elementor-element-2871e6f elementor-widget elementor-widget-text-editor\" data-id=\"2871e6f\" data-element_type=\"widget\" data-e-type=\"widget\" data-widget_type=\"text-editor.default\">\n\t\t\t\t\t\t\t\t\t<p>R\u00e9servez le plus t\u00f4t possible et vous b\u00e9n\u00e9ficierez d'un tarif irr\u00e9sistible : une r\u00e9duction de 10% pour les r\u00e9servations confirm\u00e9es au moins 30 jours avant l'arriv\u00e9e. Le meilleur moyen d'obtenir le meilleur tarif !<\/p>\t\t\t\t\t\t\t\t<\/div>\n\t\t\t\t<div class=\"elementor-element elementor-element-518959f elementor-align-left elementor-widget elementor-widget-button\" data-id=\"518959f\" data-element_type=\"widget\" data-e-type=\"widget\" data-widget_type=\"button.default\">\n\t\t\t\t\t\t\t\t\t\t<a class=\"elementor-button elementor-button-link elementor-size-sm\" href=\"https:\/\/www.tekuhotel.com\/fr\/contacts\/\">\n\t\t\t\t\t\t<span class=\"elementor-button-content-wrapper\">\n\t\t\t\t\t\t\t\t\t<span class=\"elementor-button-text\">CONTACTEZ-NOUS<\/span>\n\t\t\t\t\t<\/span>\n\t\t\t\t\t<\/a>\n\t\t\t\t\t\t\t\t<\/div>\n\t\t\t\t<\/div>\n\t\t<div class=\"elementor-element elementor-element-4bc51ee e-con-full e-flex e-con e-child\" data-id=\"4bc51ee\" data-element_type=\"container\" data-e-type=\"container\" data-settings=\"{&quot;background_background&quot;:&quot;classic&quot;,&quot;_ha_eqh_enable&quot;:false}\">\n\t\t\t\t<div class=\"elementor-element elementor-element-fdc3c52 elementor-widget elementor-widget-heading\" data-id=\"fdc3c52\" data-element_type=\"widget\" data-e-type=\"widget\" data-widget_type=\"heading.default\">\n\t\t\t\t\t<h3 class=\"elementor-heading-title elementor-size-default\">Sp\u00e9cial septembre<\/h3>\t\t\t\t<\/div>\n\t\t\t\t<div class=\"elementor-element elementor-element-46dff3e elementor-widget elementor-widget-elementskit-heading\" data-id=\"46dff3e\" data-element_type=\"widget\" data-e-type=\"widget\" data-widget_type=\"elementskit-heading.default\">\n\t\t\t\t\t<div class=\"ekit-wid-con\" ><div class=\"ekit-heading elementskit-section-title-wraper text_left   ekit_heading_tablet-   ekit_heading_mobile-\"><span class=\"ekit-heading--title elementskit-section-title\">S\u00e9journer en septembre pour b\u00e9n\u00e9ficier de la  <span><span>R\u00e9duction 10%<\/span><\/span><\/span><\/div><\/div>\t\t\t\t<\/div>\n\t\t\t\t<div class=\"elementor-element elementor-element-480731e elementor-widget elementor-widget-text-editor\" data-id=\"480731e\" data-element_type=\"widget\" data-e-type=\"widget\" data-widget_type=\"text-editor.default\">\n\t\t\t\t\t\t\t\t\t<p>- Offre soumise \u00e0 disponibilit\u00e9 -<\/p>\t\t\t\t\t\t\t\t<\/div>\n\t\t\t\t<div class=\"elementor-element elementor-element-455d149 elementor-widget elementor-widget-text-editor\" data-id=\"455d149\" data-element_type=\"widget\" data-e-type=\"widget\" data-widget_type=\"text-editor.default\">\n\t\t\t\t\t\t\t\t\t<p>Choisissez de s\u00e9journer en septembre pour b\u00e9n\u00e9ficier d'une r\u00e9duction de 10% \u00e0 la meilleure p\u00e9riode pour profiter de la mer en Sardaigne : temp\u00e9rature de l'eau plus \u00e9lev\u00e9e et plages moins fr\u00e9quent\u00e9es.<\/p>\t\t\t\t\t\t\t\t<\/div>\n\t\t\t\t<div class=\"elementor-element elementor-element-3855cb5 elementor-align-left elementor-widget elementor-widget-button\" data-id=\"3855cb5\" data-element_type=\"widget\" data-e-type=\"widget\" data-widget_type=\"button.default\">\n\t\t\t\t\t\t\t\t\t\t<a class=\"elementor-button elementor-button-link elementor-size-sm\" href=\"https:\/\/www.tekuhotel.com\/fr\/contacts\/\">\n\t\t\t\t\t\t<span class=\"elementor-button-content-wrapper\">\n\t\t\t\t\t\t\t\t\t<span class=\"elementor-button-text\">CONTACTEZ-NOUS<\/span>\n\t\t\t\t\t<\/span>\n\t\t\t\t\t<\/a>\n\t\t\t\t\t\t\t\t<\/div>\n\t\t\t\t<\/div>\n\t\t\t\t<\/div>\n\t\t\t\t\t<\/div>\n\t\t\t\t<\/div>\n\t\t<div class=\"elementor-element elementor-element-2b92c96 e-flex e-con-boxed e-con e-parent\" data-id=\"2b92c96\" data-element_type=\"container\" data-e-type=\"container\" data-settings=\"{&quot;_ha_eqh_enable&quot;:false}\">\n\t\t\t\t\t<div class=\"e-con-inner\">\n\t\t<div class=\"elementor-element elementor-element-e752495 e-con-full e-flex e-con e-child\" data-id=\"e752495\" data-element_type=\"container\" data-e-type=\"container\" data-settings=\"{&quot;_ha_eqh_enable&quot;:false}\">\n\t\t\t\t<div class=\"elementor-element elementor-element-ffd7046 elementor-widget elementor-widget-image\" data-id=\"ffd7046\" data-element_type=\"widget\" data-e-type=\"widget\" data-widget_type=\"image.default\">\n\t\t\t\t\t\t\t\t\t\t\t\t\t\t\t<img decoding=\"async\" src=\"https:\/\/www.tekuhotel.com\/wp-content\/uploads\/teku_hotel_icon.svg\" class=\"attachment-full size-full wp-image-1224\" alt=\"\" \/>\t\t\t\t\t\t\t\t\t\t\t\t\t\t\t<\/div>\n\t\t\t\t<div class=\"elementor-element elementor-element-09bc2e2 elementor-invisible elementor-widget elementor-widget-text-editor\" data-id=\"09bc2e2\" data-element_type=\"widget\" data-e-type=\"widget\" data-settings=\"{&quot;_animation&quot;:&quot;fadeInUp&quot;}\" data-widget_type=\"text-editor.default\">\n\t\t\t\t\t\t\t\t\t<p>Votre s\u00e9jour au Teku Boutique Hotel<\/p>\t\t\t\t\t\t\t\t<\/div>\n\t\t\t\t<div class=\"elementor-element elementor-element-6ca5c53 elementor-invisible elementor-widget elementor-widget-heading\" data-id=\"6ca5c53\" data-element_type=\"widget\" data-e-type=\"widget\" data-settings=\"{&quot;_animation&quot;:&quot;fadeInUp&quot;,&quot;_animation_delay&quot;:200}\" data-widget_type=\"heading.default\">\n\t\t\t\t\t<h4 class=\"elementor-heading-title elementor-size-default\">pour des vacances uniques<\/h4>\t\t\t\t<\/div>\n\t\t<div class=\"elementor-element elementor-element-67eaba0 e-con-full e-flex e-con e-child\" data-id=\"67eaba0\" data-element_type=\"container\" data-e-type=\"container\" data-settings=\"{&quot;_ha_eqh_enable&quot;:false}\">\n\t\t<div class=\"elementor-element elementor-element-ca6a798 e-con-full e-flex elementor-invisible e-con e-child\" data-id=\"ca6a798\" data-element_type=\"container\" data-e-type=\"container\" data-settings=\"{&quot;background_background&quot;:&quot;classic&quot;,&quot;animation&quot;:&quot;fadeInUp&quot;,&quot;animation_delay&quot;:400,&quot;_ha_eqh_enable&quot;:false}\">\n\t\t\t\t<\/div>\n\t\t<div class=\"elementor-element elementor-element-645ba79 e-con-full e-flex elementor-invisible e-con e-child\" data-id=\"645ba79\" data-element_type=\"container\" data-e-type=\"container\" data-settings=\"{&quot;background_background&quot;:&quot;classic&quot;,&quot;animation&quot;:&quot;fadeInUp&quot;,&quot;animation_delay&quot;:500,&quot;_ha_eqh_enable&quot;:false}\">\n\t\t\t\t<div class=\"elementor-element elementor-element-af83c80 elementor-widget elementor-widget-heading\" data-id=\"af83c80\" data-element_type=\"widget\" data-e-type=\"widget\" data-widget_type=\"heading.default\">\n\t\t\t\t\t<h5 class=\"elementor-heading-title elementor-size-default\">Nos chambres<\/h5>\t\t\t\t<\/div>\n\t\t\t\t<div class=\"elementor-element elementor-element-7c52156 elementor-widget elementor-widget-text-editor\" data-id=\"7c52156\" data-element_type=\"widget\" data-e-type=\"widget\" data-widget_type=\"text-editor.default\">\n\t\t\t\t\t\t\t\t\t<p>Dans cet h\u00f4tel de charme, chaque chambre est un hommage raffin\u00e9 \u00e0 l'artisanat traditionnel sarde, chacune ayant sa propre atmosph\u00e8re, pleine de charme et riche en confort.<\/p>\t\t\t\t\t\t\t\t<\/div>\n\t\t\t\t<div class=\"elementor-element elementor-element-aa858ef elementor-align-left elementor-widget elementor-widget-button\" data-id=\"aa858ef\" data-element_type=\"widget\" data-e-type=\"widget\" data-widget_type=\"button.default\">\n\t\t\t\t\t\t\t\t\t\t<a class=\"elementor-button elementor-button-link elementor-size-sm\" href=\"https:\/\/www.tekuhotel.com\/fr\/chambres\/\">\n\t\t\t\t\t\t<span class=\"elementor-button-content-wrapper\">\n\t\t\t\t\t\t<span class=\"elementor-button-icon\">\n\t\t\t\t<i aria-hidden=\"true\" class=\"icon icon-right-arrow\"><\/i>\t\t\t<\/span>\n\t\t\t\t\t\t\t\t\t<span class=\"elementor-button-text\">Choisissez la pi\u00e8ce id\u00e9ale pour vous<\/span>\n\t\t\t\t\t<\/span>\n\t\t\t\t\t<\/a>\n\t\t\t\t\t\t\t\t<\/div>\n\t\t\t\t<\/div>\n\t\t<div class=\"elementor-element elementor-element-63bd936 e-con-full e-flex elementor-invisible e-con e-child\" data-id=\"63bd936\" data-element_type=\"container\" data-e-type=\"container\" data-settings=\"{&quot;background_background&quot;:&quot;classic&quot;,&quot;animation&quot;:&quot;fadeInUp&quot;,&quot;animation_delay&quot;:600,&quot;_ha_eqh_enable&quot;:false}\">\n\t\t\t\t<\/div>\n\t\t\t\t<\/div>\n\t\t<div class=\"elementor-element elementor-element-0bba558 e-con-full e-flex e-con e-child\" data-id=\"0bba558\" data-element_type=\"container\" data-e-type=\"container\" data-settings=\"{&quot;_ha_eqh_enable&quot;:false}\">\n\t\t<div class=\"elementor-element elementor-element-0816ccc e-con-full e-flex elementor-invisible e-con e-child\" data-id=\"0816ccc\" data-element_type=\"container\" data-e-type=\"container\" data-settings=\"{&quot;background_background&quot;:&quot;classic&quot;,&quot;animation&quot;:&quot;fadeInUp&quot;,&quot;animation_delay&quot;:400,&quot;_ha_eqh_enable&quot;:false}\">\n\t\t\t\t<div class=\"elementor-element elementor-element-f145b7e elementor-widget elementor-widget-heading\" data-id=\"f145b7e\" data-element_type=\"widget\" data-e-type=\"widget\" data-widget_type=\"heading.default\">\n\t\t\t\t\t<h6 class=\"elementor-heading-title elementor-size-default\">Notre petit-d\u00e9jeuner<\/h6>\t\t\t\t<\/div>\n\t\t\t\t<div class=\"elementor-element elementor-element-f661cc1 elementor-widget elementor-widget-text-editor\" data-id=\"f661cc1\" data-element_type=\"widget\" data-e-type=\"widget\" data-widget_type=\"text-editor.default\">\n\t\t\t\t\t\t\t\t\t<p>Parfait pour commencer la journ\u00e9e avec l'\u00e9nergie n\u00e9cessaire, en d\u00e9couvrant le meilleur des saveurs et des ar\u00f4mes de la r\u00e9gion de Bari Sardo.<\/p>\t\t\t\t\t\t\t\t<\/div>\n\t\t\t\t<div class=\"elementor-element elementor-element-03c4b00 elementor-align-left elementor-widget elementor-widget-button\" data-id=\"03c4b00\" data-element_type=\"widget\" data-e-type=\"widget\" data-widget_type=\"button.default\">\n\t\t\t\t\t\t\t\t\t\t<a class=\"elementor-button elementor-button-link elementor-size-sm\" href=\"https:\/\/www.tekuhotel.com\/fr\/offres\/\">\n\t\t\t\t\t\t<span class=\"elementor-button-content-wrapper\">\n\t\t\t\t\t\t<span class=\"elementor-button-icon\">\n\t\t\t\t<i aria-hidden=\"true\" class=\"icon icon-right-arrow\"><\/i>\t\t\t<\/span>\n\t\t\t\t\t\t\t\t\t<span class=\"elementor-button-text\">D\u00e9couvrez nos services<\/span>\n\t\t\t\t\t<\/span>\n\t\t\t\t\t<\/a>\n\t\t\t\t\t\t\t\t<\/div>\n\t\t\t\t<\/div>\n\t\t<div class=\"elementor-element elementor-element-d4d1a24 e-con-full e-flex elementor-invisible e-con e-child\" data-id=\"d4d1a24\" data-element_type=\"container\" data-e-type=\"container\" data-settings=\"{&quot;background_background&quot;:&quot;classic&quot;,&quot;animation&quot;:&quot;fadeInUp&quot;,&quot;animation_delay&quot;:600,&quot;_ha_eqh_enable&quot;:false}\">\n\t\t\t\t<\/div>\n\t\t<div class=\"elementor-element elementor-element-f0141c4 e-con-full e-flex elementor-invisible e-con e-child\" data-id=\"f0141c4\" data-element_type=\"container\" data-e-type=\"container\" data-settings=\"{&quot;background_background&quot;:&quot;classic&quot;,&quot;animation&quot;:&quot;fadeInUp&quot;,&quot;animation_delay&quot;:600,&quot;_ha_eqh_enable&quot;:false}\">\n\t\t\t\t<div class=\"elementor-element elementor-element-10e2ba6 elementor-widget elementor-widget-heading\" data-id=\"10e2ba6\" data-element_type=\"widget\" data-e-type=\"widget\" data-widget_type=\"heading.default\">\n\t\t\t\t\t<h6 class=\"elementor-heading-title elementor-size-default\">D\u00e9couvrir l'Ogliastra<\/h6>\t\t\t\t<\/div>\n\t\t\t\t<div class=\"elementor-element elementor-element-897b24d elementor-widget elementor-widget-text-editor\" data-id=\"897b24d\" data-element_type=\"widget\" data-e-type=\"widget\" data-widget_type=\"text-editor.default\">\n\t\t\t\t\t\t\t\t\t<p>L'exp\u00e9rience de la<a href=\"https:\/\/maps.app.goo.gl\/RdEgvWvvsuw9fKwg7\" target=\"_blank\" rel=\"noopener\">Ogliastra<\/a>une r\u00e9gion authentique de la Sardaigne, o\u00f9 l'histoire et la beaut\u00e9 naturelle se conjuguent pour des vacances loin du tourisme de masse.<\/p>\t\t\t\t\t\t\t\t<\/div>\n\t\t\t\t<div class=\"elementor-element elementor-element-1a25070 elementor-align-left elementor-widget elementor-widget-button\" data-id=\"1a25070\" data-element_type=\"widget\" data-e-type=\"widget\" data-widget_type=\"button.default\">\n\t\t\t\t\t\t\t\t\t\t<a class=\"elementor-button elementor-button-link elementor-size-sm\" href=\"https:\/\/www.tekuhotel.com\/fr\/experiences\/\">\n\t\t\t\t\t\t<span class=\"elementor-button-content-wrapper\">\n\t\t\t\t\t\t<span class=\"elementor-button-icon\">\n\t\t\t\t<i aria-hidden=\"true\" class=\"icon icon-right-arrow\"><\/i>\t\t\t<\/span>\n\t\t\t\t\t\t\t\t\t<span class=\"elementor-button-text\">En savoir plus<\/span>\n\t\t\t\t\t<\/span>\n\t\t\t\t\t<\/a>\n\t\t\t\t\t\t\t\t<\/div>\n\t\t\t\t<\/div>\n\t\t\t\t<\/div>\n\t\t\t\t<\/div>\n\t\t\t\t\t<\/div>\n\t\t\t\t<\/div>\n\t\t\t\t<\/div>","protected":false},"excerpt":{"rendered":"<p>Offerte speciali al Teku Boutique Hotel Le migliori tariffe per il tuo soggiorno a Bari Sardo! Ci impegniamo a offrire un servizio di alta qualit\u00e0, curato nei minimi dettagli, per garantire il massimo comfort e la piena soddisfazione dei nostri ospiti. Che siate in viaggio per affari o per piacere, il nostro staff sar\u00e0 a [&hellip;]<\/p>\n","protected":false},"author":1,"featured_media":0,"parent":0,"menu_order":0,"comment_status":"closed","ping_status":"open","template":"","meta":{"footnotes":""},"class_list":["post-1204","page","type-page","status-publish","hentry"],"_links":{"self":[{"href":"https:\/\/www.tekuhotel.com\/fr\/wp-json\/wp\/v2\/pages\/1204","targetHints":{"allow":["GET"]}}],"collection":[{"href":"https:\/\/www.tekuhotel.com\/fr\/wp-json\/wp\/v2\/pages"}],"about":[{"href":"https:\/\/www.tekuhotel.com\/fr\/wp-json\/wp\/v2\/types\/page"}],"author":[{"embeddable":true,"href":"https:\/\/www.tekuhotel.com\/fr\/wp-json\/wp\/v2\/users\/1"}],"replies":[{"embeddable":true,"href":"https:\/\/www.tekuhotel.com\/fr\/wp-json\/wp\/v2\/comments?post=1204"}],"version-history":[{"count":3,"href":"https:\/\/www.tekuhotel.com\/fr\/wp-json\/wp\/v2\/pages\/1204\/revisions"}],"predecessor-version":[{"id":2751,"href":"https:\/\/www.tekuhotel.com\/fr\/wp-json\/wp\/v2\/pages\/1204\/revisions\/2751"}],"wp:attachment":[{"href":"https:\/\/www.tekuhotel.com\/fr\/wp-json\/wp\/v2\/media?parent=1204"}],"curies":[{"name":"wp","href":"https:\/\/api.w.org\/{rel}","templated":true}]}}